{"id":119,"date":"2023-08-27T16:58:05","date_gmt":"2023-08-27T14:58:05","guid":{"rendered":"https:\/\/cirkau.art\/o\/?page_id=119"},"modified":"2023-08-28T19:11:49","modified_gmt":"2023-08-28T17:11:49","slug":"clownistan_kesako","status":"publish","type":"page","link":"https:\/\/cirkau.art\/o\/grand-livre-rose\/clownistan_kesako\/","title":{"rendered":"Clownistan Kesako?"},"content":{"rendered":"\n<div class=\"wp-block-group\"><div class=\"wp-block-group__inner-container is-layout-constrained wp-block-group-is-layout-constrained\">\n<h3 class=\"wp-block-heading\"><div id=\"bloc_page\"><section><h1>Clandestine Insurgent Rebel Clowns Army<\/h1><\/section><\/div><\/h3>\n\n\n\n<div id=\"bloc_page\"><section>Oyez, Oh Yeah                                            <\/section><\/div>\n\n\n\n<div id=\"bloc_page\"><section>Mesdames et Messieurs, gar\u00e7ons et filles, amis et ennemis                                          Bienvenue dans l&rsquo;in\u00e9gal\u00e9, l&rsquo;inattendu, le  parfaitement paradoxal, le grotesquement beau , le monde d&rsquo;un nouveau  genre de L&rsquo;ARTNEZ DES CLOWNS REBELS INSURGES ET CLANDESTINS  (l&rsquo;ACRIC\/CIRCA fRance).                     L\u2019arm\u00e9e clandestine des clowns insurg\u00e9(e)s et  rebelles est une arm\u00e9e de \u00ab fous et de rebelles, de radicaux et  racailles, escrocs et tra\u00eetres \u00bb.                                          Nous sommes <strong>clandestinEs<\/strong> : Car nous  refusons le spectacle de la c\u00e9l\u00e9brit\u00e9 et nous sommes tout le monde. Car  sans r\u00e9els noms, visages ou nez, nous montrons que nos mots, nos r\u00eaves,  nos d\u00e9sirs sont plus importants que nos biographies. Car nous rejetons  la soci\u00e9t\u00e9 de surveillance, qui sur-veille, contr\u00f4le, espionne,  enregistre et v\u00e9rifie chacun de nos gestes. Car en cachant notre  identit\u00e9 nous retrouvons le pouvoir de nos actes. Car avec farce nous  donnons \u00e0 la r\u00e9sistance un visage rigolo et devenons visibles une fois  de plus.                                          Nous sommes <strong>insurg\u00e9Es<\/strong> : Car nous  surgissons de nulle part et nous sommes partout. Car les id\u00e9es peuvent  \u00eatre ignor\u00e9es mais pas supprim\u00e9es et qu&rsquo;une insurrection de  l&rsquo;imagination est irr\u00e9sistible. Car chaque fois que nous tombons encore,  nous nous relevons encore et encore et encore, sachant que rien ne se  perd pour l&rsquo;histoire. Car l&rsquo;histoire ne se d\u00e9place pas en ligne droite,  mais surgit comme l&rsquo;eau, parfois tourbillonnant, parfois par goutte, en  s&rsquo;\u00e9coulant, en inondant &#8211; toujours inconnaissable, inattendue,  incertaine. Car la cl\u00e9 de l&rsquo;insurrection sont de brillantes  improvisations, pas des plans parfaits.                                          Nous sommes <strong>rebelLEs<\/strong> : Car nous  aimons la vie et le bonheur plus que la \u00ab\u00a0R\u00e9volution\u00a0\u00bb. Car aucune  r\u00e9volution n&rsquo;est jamais compl\u00e8te et les rebellions continuent toujours.  Car nous d\u00e9monterons la machine-fant\u00f4me immat\u00e9rielle avec des moyens  indissociables des fins. Car nous ne voulons pas changer \u00ab\u00a0le\u00a0\u00bb monde,  mais \u00ab\u00a0notre\u00a0\u00bb monde. Nous d\u00e9sob\u00e9irons et d\u00e9serterons toujours touTEs  celles et ceux qui accumulent et abusent du pouvoir. Car les rebelles  transforment tout &#8211; leurs fa\u00e7ons de vivre, de cr\u00e9er, d\u2019aimer, de manger,  de rire, de jouer, d\u2019apprendre, d&rsquo;\u00e9changer, d\u2019\u00e9couter, de penser et  surtout la fa\u00e7on dont ils se rebellent.                                          Nous sommes <strong>clowns<\/strong> : Car que  peut-on \u00eatre d&rsquo;autre dans un monde absurde. Car \u00e0 l&rsquo;int\u00e9rieur tout le  monde est un clown sans loi qui essaye de s&rsquo;\u00e9chapper. Car rien ne sape  plus l&rsquo;autorit\u00e9 que de la rendre ridicule. Car depuis la nuit des temps,  des filous ont embrasser les contradictions de la vie, cr\u00e9ant de la  coh\u00e9rence \u00e0 travers la confusion. Car les fous sont \u00e0 la fois  redoutables et innocents, sages et stupides, artistes et dissidents,  gu\u00e9risseurs et acteurs du rire, bouc-\u00e9missaires et subversifs. Car les  bouffons ont toujours dit oui, ont toujours de l\u2019espoir et ressentent  toujours les choses profond\u00e9ment. Car un clown peut survivre \u00e0 tout et  s&rsquo;en tirer avec n&rsquo;importe quoi.                                          Nous sommes une <strong>arm\u00e9e<\/strong> : Car nous  vivons sur une plan\u00e8te en guerre permanente (guerre de l\u2019argent contre  la vie, du progr\u00e8s contre la dignit\u00e9, du progr\u00e8s contre le futur). Car  une guerre qui se gorge elle-m\u00eame de mort et de sang et chie de l&rsquo;argent  et des toxines, m\u00e9rite un corps obsc\u00e8ne de soldats d\u00e9viants. Car il n&rsquo;y  a qu&rsquo;une arm\u00e9e qui puisse d\u00e9clarer une guerre absurde \u00e0 une guerre  absurde. Car le combat requiert de la solidarit\u00e9, de la discipline et de  l&rsquo;engagement. Parce que seuls, les clowns sont path\u00e9tiques, mais en  troupeaux, brigades et bataillons ils sont extr\u00eamement dangereux. Nous  sommes une arm\u00e9e, car nous sommes en col\u00e8re et o\u00f9 les bombes tombent,  nous pourrions r\u00e9ussir avec un rire moqueur. Et le rire a besoin d&rsquo;un  \u00e9cho.                                          Nous somme la <strong>CIRCA<\/strong> car nous sommes  approximatifs et ambivalents, ni ici, ni ailleurs, mais le plus  puissant des endroits, le lieu de l&rsquo;entre-deux, entre ordre et chaos.                 <p style=\"text-align:\">FUYEZ LE CIRQUE, REJOIGNEZ LES FARCES DE L&rsquo;ARTNEZ DES CLOWNS REBELLES INSURGES ET CLANDESTINS<\/p>             <\/section><\/div>\n<\/div><\/div>\n","protected":false},"excerpt":{"rendered":"<p>Clandestine Insurgent Rebel Clowns Army Oyez, Oh Yeah Mesdames et Messieurs, gar\u00e7ons et filles, amis et ennemis Bienvenue dans l&rsquo;in\u00e9gal\u00e9, l&rsquo;inattendu, le parfaitement paradoxal, le grotesquement beau , le monde&hellip; <a class=\"more-link\" href=\"https:\/\/cirkau.art\/o\/grand-livre-rose\/clownistan_kesako\/\">Poursuivre la lecture <span class=\"screen-reader-text\">Clownistan Kesako?<\/span><\/a><\/p>\n","protected":false},"author":2,"featured_media":0,"parent":115,"menu_order":0,"comment_status":"closed","ping_status":"closed","template":"","meta":{"_uag_custom_page_level_css":"","footnotes":""},"class_list":["post-119","page","type-page","status-publish","hentry","entry"],"uagb_featured_image_src":{"full":false,"thumbnail":false,"medium":false,"medium_large":false,"large":false,"1536x1536":false,"2048x2048":false,"post-thumbnail":false},"uagb_author_info":{"display_name":"Pan hEros","author_link":"https:\/\/cirkau.art\/o\/blog\/author\/pan_heros\/"},"uagb_comment_info":0,"uagb_excerpt":"Clandestine Insurgent Rebel Clowns Army Oyez, Oh Yeah Mesdames et Messieurs, gar\u00e7ons et filles, amis et ennemis Bienvenue dans l&rsquo;in\u00e9gal\u00e9, l&rsquo;inattendu, le parfaitement paradoxal, le grotesquement beau , le monde&hellip; Poursuivre la lecture Clownistan Kesako?","_links":{"self":[{"href":"https:\/\/cirkau.art\/o\/wp-json\/wp\/v2\/pages\/119","targetHints":{"allow":["GET"]}}],"collection":[{"href":"https:\/\/cirkau.art\/o\/wp-json\/wp\/v2\/pages"}],"about":[{"href":"https:\/\/cirkau.art\/o\/wp-json\/wp\/v2\/types\/page"}],"author":[{"embeddable":true,"href":"https:\/\/cirkau.art\/o\/wp-json\/wp\/v2\/users\/2"}],"replies":[{"embeddable":true,"href":"https:\/\/cirkau.art\/o\/wp-json\/wp\/v2\/comments?post=119"}],"version-history":[{"count":2,"href":"https:\/\/cirkau.art\/o\/wp-json\/wp\/v2\/pages\/119\/revisions"}],"predecessor-version":[{"id":123,"href":"https:\/\/cirkau.art\/o\/wp-json\/wp\/v2\/pages\/119\/revisions\/123"}],"up":[{"embeddable":true,"href":"https:\/\/cirkau.art\/o\/wp-json\/wp\/v2\/pages\/115"}],"wp:attachment":[{"href":"https:\/\/cirkau.art\/o\/wp-json\/wp\/v2\/media?parent=119"}],"curies":[{"name":"wp","href":"https:\/\/api.w.org\/{rel}","templated":true}]}}