{"id":147,"date":"2023-08-28T18:02:51","date_gmt":"2023-08-28T16:02:51","guid":{"rendered":"https:\/\/cirkau.art\/o\/?page_id=147"},"modified":"2023-09-03T16:18:58","modified_gmt":"2023-09-03T14:18:58","slug":"exercices","status":"publish","type":"page","link":"https:\/\/cirkau.art\/o\/grand-livre-rose\/exercices\/","title":{"rendered":"Exercices"},"content":{"rendered":"\n<div class=\"wp-block-group\"><div class=\"wp-block-group__inner-container is-layout-constrained wp-block-group-is-layout-constrained\">\n<h2 class=\"wp-block-heading\">Exercices du <a href=\"http:\/\/grandlivrerose.free.fr\/\" data-type=\"link\" data-id=\"http:\/\/grandlivrerose.free.fr\/\">Grand Livre Rose<\/a><\/h2>\n\n\n\n<p>Ces exercices sont destin\u00e9s aux entrainements et r\u00e9p\u00e9titions des clowns (et celleux qui l&rsquo;ignorent)  lors d\u2019ateliers de groupe. Une majorit\u00e9 d\u2019entre eux sont inspir\u00e9 du th\u00e9\u00e2tre d\u2019improvisation. Ils peuvent aussi \u00eatre adapter lors de r\u00e9-appropriations de l\u2019espace public ou de diverses actions.<\/p>\n<\/div><\/div>\n\n\n\n<div class=\"wp-block-uagb-container uagb-block-0bf63271 alignfull uagb-is-root-container\"><div class=\"uagb-container-inner-blocks-wrap\">\n<div class=\"wp-block-uagb-container uagb-block-1de15a46\">\n<h2 class=\"wp-block-heading\">Exercices du <a href=\"http:\/\/grandlivrerose.free.fr\/\" data-type=\"link\" data-id=\"http:\/\/grandlivrerose.free.fr\/\">Grand Livre Rose<\/a><\/h2>\n<\/div>\n\n\n\n<div class=\"wp-block-uagb-container uagb-block-e43b4213\"><form role=\"search\" method=\"get\" action=\"https:\/\/cirkau.art\/o\/\" class=\"wp-block-search__button-outside wp-block-search__icon-button wp-block-search\"    ><label class=\"wp-block-search__label screen-reader-text\" for=\"wp-block-search__input-1\" >Rechercher<\/label><div class=\"wp-block-search__inside-wrapper \" ><input class=\"wp-block-search__input\" id=\"wp-block-search__input-1\" placeholder=\"\" value=\"\" type=\"search\" name=\"s\" required \/><button aria-label=\"Rechercher\" class=\"wp-block-search__button has-icon wp-element-button\" type=\"submit\" ><svg class=\"search-icon\" viewBox=\"0 0 24 24\" width=\"24\" height=\"24\">\n\t\t\t\t\t<path d=\"M13 5c-3.3 0-6 2.7-6 6 0 1.4.5 2.7 1.3 3.7l-3.8 3.8 1.1 1.1 3.8-3.8c1 .8 2.3 1.3 3.7 1.3 3.3 0 6-2.7 6-6S16.3 5 13 5zm0 10.5c-2.5 0-4.5-2-4.5-4.5s2-4.5 4.5-4.5 4.5 2 4.5 4.5-2 4.5-4.5 4.5z\"><\/path>\n\t\t\t\t<\/svg><\/button><\/div><\/form><\/div>\n\n\n\n<div class=\"wp-block-uagb-container uagb-block-58f7ee7e\">\n<p>Ces exercices sont destin\u00e9s aux entrainements et r\u00e9p\u00e9titions des clowns (et celleux qui l&rsquo;ignorent)  lors d\u2019ateliers de groupe. Une majorit\u00e9 d\u2019entre eux sont inspir\u00e9 du th\u00e9\u00e2tre d\u2019improvisation. Ils peuvent aussi \u00eatre adapter lors de r\u00e9-appropriations de l\u2019espace public ou de diverses actions.<\/p>\n<\/div>\n\n\n\n<div class=\"wp-block-uagb-container uagb-block-674ca0d6\"><p class=\"wp-block-tag-cloud\">Il n\u2019y a aucun contenu \u00e0 afficher ici pour l\u2019instant.<\/p><\/div>\n<\/div><\/div>\n\n\n\n<div class=\"wp-block-uagb-container uagb-block-9e4d29c0 alignfull uagb-is-root-container\"><div class=\"uagb-container-inner-blocks-wrap\">\n<div class=\"wp-block-uagb-container uagb-block-be44f8b3\">\n<ul class=\"wp-block-list\">\n<li><a href=\"https:\/\/cirkau.art\/o\/docs\/123-emotions\/\">1, 2, 3, \u00c9motion!<\/a><\/li>\n\n\n\n<li><a href=\"https:\/\/cirkau.art\/o\/docs\/la-chaussette\/\" data-type=\"link\" data-id=\"https:\/\/cirkau.art\/o\/docs\/la-chaussette\/\">La Chaussette<\/a><\/li>\n\n\n\n<li><a href=\"https:\/\/cirkau.art\/o\/docs\/la-securisation\/\" data-type=\"link\" data-id=\"https:\/\/cirkau.art\/o\/docs\/la-securisation\/\">La S\u00e9curisation<\/a><\/li>\n<\/ul>\n<\/div>\n\n\n\n<div class=\"wp-block-uagb-container uagb-block-f359a46b\">\n<ul class=\"wp-block-list\">\n<li><a href=\"https:\/\/cirkau.art\/o\/docs\/la-machine\/\" data-type=\"link\" data-id=\"https:\/\/cirkau.art\/o\/docs\/la-machine\/\">La Machine<\/a><\/li>\n\n\n\n<li><a href=\"https:\/\/cirkau.art\/o\/docs\/pacman\/\" data-type=\"link\" data-id=\"https:\/\/cirkau.art\/o\/docs\/pacman\/\">Pacman<\/a><\/li>\n\n\n\n<li><a href=\"https:\/\/cirkau.art\/o\/docs\/pili-pili\/\" data-type=\"link\" data-id=\"https:\/\/cirkau.art\/o\/docs\/pili-pili\/\">Pili pili<\/a><\/li>\n<\/ul>\n<\/div>\n<\/div><\/div>\n","protected":false},"excerpt":{"rendered":"<p>Exercices du Grand Livre Rose Ces exercices sont destin\u00e9s aux entrainements et r\u00e9p\u00e9titions des clowns (et celleux qui l&rsquo;ignorent) lors d\u2019ateliers de groupe. Une majorit\u00e9 d\u2019entre eux sont inspir\u00e9 du&hellip; <a class=\"more-link\" href=\"https:\/\/cirkau.art\/o\/grand-livre-rose\/exercices\/\">Poursuivre la lecture <span class=\"screen-reader-text\">Exercices<\/span><\/a><\/p>\n","protected":false},"author":2,"featured_media":0,"parent":115,"menu_order":0,"comment_status":"closed","ping_status":"closed","template":"","meta":{"_uag_custom_page_level_css":"","footnotes":""},"class_list":["post-147","page","type-page","status-publish","hentry","entry"],"uagb_featured_image_src":{"full":false,"thumbnail":false,"medium":false,"medium_large":false,"large":false,"1536x1536":false,"2048x2048":false,"post-thumbnail":false},"uagb_author_info":{"display_name":"Pan hEros","author_link":"https:\/\/cirkau.art\/o\/blog\/author\/pan_heros\/"},"uagb_comment_info":0,"uagb_excerpt":"Exercices du Grand Livre Rose Ces exercices sont destin\u00e9s aux entrainements et r\u00e9p\u00e9titions des clowns (et celleux qui l&rsquo;ignorent) lors d\u2019ateliers de groupe. Une majorit\u00e9 d\u2019entre eux sont inspir\u00e9 du&hellip; Poursuivre la lecture Exercices","_links":{"self":[{"href":"https:\/\/cirkau.art\/o\/wp-json\/wp\/v2\/pages\/147","targetHints":{"allow":["GET"]}}],"collection":[{"href":"https:\/\/cirkau.art\/o\/wp-json\/wp\/v2\/pages"}],"about":[{"href":"https:\/\/cirkau.art\/o\/wp-json\/wp\/v2\/types\/page"}],"author":[{"embeddable":true,"href":"https:\/\/cirkau.art\/o\/wp-json\/wp\/v2\/users\/2"}],"replies":[{"embeddable":true,"href":"https:\/\/cirkau.art\/o\/wp-json\/wp\/v2\/comments?post=147"}],"version-history":[{"count":7,"href":"https:\/\/cirkau.art\/o\/wp-json\/wp\/v2\/pages\/147\/revisions"}],"predecessor-version":[{"id":281,"href":"https:\/\/cirkau.art\/o\/wp-json\/wp\/v2\/pages\/147\/revisions\/281"}],"up":[{"embeddable":true,"href":"https:\/\/cirkau.art\/o\/wp-json\/wp\/v2\/pages\/115"}],"wp:attachment":[{"href":"https:\/\/cirkau.art\/o\/wp-json\/wp\/v2\/media?parent=147"}],"curies":[{"name":"wp","href":"https:\/\/api.w.org\/{rel}","templated":true}]}}