{"id":2,"date":"2023-08-26T13:19:56","date_gmt":"2023-08-26T13:19:56","guid":{"rendered":"https:\/\/cirkau.art\/o\/?page_id=2"},"modified":"2025-02-05T21:06:52","modified_gmt":"2025-02-05T20:06:52","slug":"sample-page","status":"publish","type":"page","link":"https:\/\/cirkau.art\/o\/","title":{"rendered":"Accueil"},"content":{"rendered":"\n<div class=\"wp-block-group is-style-twentytwentyone-border has-black-color has-white-background-color has-text-color has-background has-link-color wp-elements-ff42f01c427cc8b07114dc49c3a165bb wp-container-content-9cfa9a5a\"><div class=\"wp-block-group__inner-container is-layout-constrained wp-block-group-is-layout-constrained\">\n<h2 class=\"wp-block-heading has-text-color\" style=\"color:#e70000\"><strong>Clownistan en Progres<\/strong><\/h2>\n\n\n\n<h3 class=\"wp-block-heading has-text-color\" style=\"color:#e70000\">Bienvenue sur \u0108irka\u016d !<\/h3>\n\n\n\n<p class=\"has-black-color has-text-color has-link-color wp-elements-cc96f0b8276c48b481d63b2856df4253\" style=\"padding-right:0;padding-left:0\">Ce site en construction est le chantier d\u2019une nouvelle version du Grand Livre Rose qui \u00e0 le m\u00e9rite d\u2019exister depuis plus d\u2019une d\u00e9cennie. Nous souhaitons aujourd\u2019hui l\u2019am\u00e9liorer avec de nouveaux exercices, techniques et autres armes de d\u00e9risions massives. Nous souhaitons ainsi le rendre plus accessible, plus facile \u00e0 utiliser (gr\u00e2ce notamment \u00e0 des fiches techniques th\u00e9matiques) plus interactif (gr\u00e2ce \u00e0 vous?) et disponible en plusieurs langues (peut-\u00eatre aussi gr\u00e2ce \u00e0 vous?).<\/p>\n\n\n\n<p class=\"has-black-color has-text-color has-link-color wp-elements-bc2d6588a5cfb132db4fb43305061759\" style=\"padding-right:0;padding-left:0\">Si tu veux consulter la 1er version du Grand Livre Rose, tu peux le t\u00e9l\u00e9charger sur\u00a0: <a href=\"http:\/\/grandlivrerose.free.fr\/\" target=\"_blank\" rel=\"noreferrer noopener\"><mark style=\"background-color:#E4D1D1\" class=\"has-inline-color has-gray-color\">GrandLivreRose.free.fr<\/mark><\/a><\/p>\n\n\n\n<p class=\"has-black-color has-text-color has-link-color wp-elements-29344d13d4548af8a4b0d2f709c608da\" style=\"padding-right:0;padding-left:0\">Et si tu veux nous aider sur le projet du nouveau Grand Livre Rose et de ce site internet qui sera utile dans tout le Clownistan \u00e9crit \u00e0 <a href=\"mailto:circafrance@riseup.net\"><mark style=\"background-color:#D1E4DD\" class=\"has-inline-color has-black-color\">CIRCAfRance @t RiseUp.net<\/mark><\/a> pour faire partie de cette belle aventure\u00a0!<\/p>\n<\/div><\/div>\n\n\n<ul class=\"wp-block-latest-posts__list is-style-twentytwentyone-latest-posts-dividers wp-block-latest-posts has-text-color has-white-color has-background has-black-background-color\"><li><div class=\"wp-block-latest-posts__featured-image\"><img loading=\"lazy\" decoding=\"async\" width=\"750\" height=\"563\" src=\"https:\/\/cirkau.art\/o\/wp-content\/uploads\/2023\/08\/BAC69_Recrute_et_Forme-affiche.jpg\" class=\"attachment-large size-large wp-post-image\" alt=\"\" style=\"width:100%;height:75.05%;max-width:1599px;\" srcset=\"https:\/\/cirkau.art\/o\/wp-content\/uploads\/2023\/08\/BAC69_Recrute_et_Forme-affiche.jpg 1599w, https:\/\/cirkau.art\/o\/wp-content\/uploads\/2023\/08\/BAC69_Recrute_et_Forme-affiche-300x225.jpg 300w, https:\/\/cirkau.art\/o\/wp-content\/uploads\/2023\/08\/BAC69_Recrute_et_Forme-affiche-768x576.jpg 768w, https:\/\/cirkau.art\/o\/wp-content\/uploads\/2023\/08\/BAC69_Recrute_et_Forme-affiche-1536x1153.jpg 1536w, https:\/\/cirkau.art\/o\/wp-content\/uploads\/2023\/08\/BAC69_Recrute_et_Forme-affiche-1568x1177.jpg 1568w\" sizes=\"auto, (max-width: 750px) 100vw, 750px\" \/><\/div><a class=\"wp-block-latest-posts__post-title\" href=\"https:\/\/cirkau.art\/o\/blog\/la-bac69-recrute-et-forme\/\">La BAC69 RECRUTE ET FORME<\/a><div class=\"wp-block-latest-posts__post-excerpt\">La Brigade Activiste des Clown.e.s du 69 \u00e0 propos\u00e9 un atelier de recrutement, ouvert \u00e0 tous.tes, d\u00e9butant.es et aguerri.es, le 11 septembre. Iels \u00e9taient 25 vieux et nouveaux-nez ce dimanche \u00e0 Lyon pour se pr\u00e9parer \u00e0 aller chatouiller le monde. Comme vous l\u2019avez compris-e-s, notre brigade de clown.e.s est \u00e0 l\u2019image de nos soci\u00e9t\u00e9s, fous.&hellip; <a class=\"more-link\" href=\"https:\/\/cirkau.art\/o\/blog\/la-bac69-recrute-et-forme\/\">Poursuivre la lecture <span class=\"screen-reader-text\">La BAC69 RECRUTE ET FORME<\/span><\/a><\/div><\/li>\n<\/ul>\n\n\n<div class=\"wp-block-group is-style-twentytwentyone-border has-black-color has-white-background-color has-text-color has-background has-link-color has-small-font-size wp-elements-5eef7d7836dfca52b5b9ef30b7f882f8\" style=\"padding-top:var(--wp--preset--spacing--20);padding-right:var(--wp--preset--spacing--20);padding-bottom:var(--wp--preset--spacing--20);padding-left:var(--wp--preset--spacing--20)\"><div class=\"wp-block-group__inner-container is-layout-constrained wp-container-core-group-is-layout-689b0661 wp-block-group-is-layout-constrained\">\n<h3 class=\"wp-block-heading\"><em>REJOIGNEZ ET ENTRAINEZ LES FARCES DE L\u2019ARM\u00c9E CLANDESTINE DES CLOWNS INSURG\u00c9ES ET REBELLES&nbsp;!<\/em><\/h3>\n\n\n\n<p>Voici le monde de l\u2019in\u00e9gal\u00e9, de l\u2019inattendu, du parfaitement paradoxal, du grotesquement beau, le monde en confection de l\u2019Arm\u00e9e Clandestine mondiale de Clowns Insurg\u00e9s et Rebelles.<br><br>Nous sommes des-organis\u00e9s, des-int\u00e9ress\u00e9s et des-complex\u00e9s, nous avons nos armes propres et nous existons parce que le rire a besoin d\u2019un \u00e9cho.<br><br>Nous sommes la <strong>CIRCA<\/strong> parce que nous refl\u00e9tons l\u2019autre, parce que nous sommes approximatifs et ambivalents, parce qu\u2019on cr\u00e9\u00e9 de la coh\u00e9rence par la confusion.<br><br>Nous sommes ni ici ni l\u00e0, mais partout et nulle part, rassembl\u00e9s pour mieux se diss\u00e9miner. Nous sommes bienveillants et semons l\u2019amour de la vie.<\/p>\n\n\n\n<p><em>Jouons ensemble loin du cirque&nbsp;!<\/em><\/p>\n<\/div><\/div>\n","protected":false},"excerpt":{"rendered":"<p>Clownistan en Progres Bienvenue sur \u0108irka\u016d ! Ce site en construction est le chantier d\u2019une nouvelle version du Grand Livre Rose qui \u00e0 le m\u00e9rite d\u2019exister depuis plus d\u2019une d\u00e9cennie.&hellip; <a class=\"more-link\" href=\"https:\/\/cirkau.art\/o\/\">Poursuivre la lecture <span class=\"screen-reader-text\">Accueil<\/span><\/a><\/p>\n","protected":false},"author":2,"featured_media":0,"parent":0,"menu_order":0,"comment_status":"closed","ping_status":"open","template":"","meta":{"_uag_custom_page_level_css":"","footnotes":""},"class_list":["post-2","page","type-page","status-publish","hentry","entry"],"uagb_featured_image_src":{"full":false,"thumbnail":false,"medium":false,"medium_large":false,"large":false,"1536x1536":false,"2048x2048":false,"post-thumbnail":false},"uagb_author_info":{"display_name":"Pan hEros","author_link":"https:\/\/cirkau.art\/o\/blog\/author\/pan_heros\/"},"uagb_comment_info":0,"uagb_excerpt":"Clownistan en Progres Bienvenue sur \u0108irka\u016d ! Ce site en construction est le chantier d\u2019une nouvelle version du Grand Livre Rose qui \u00e0 le m\u00e9rite d\u2019exister depuis plus d\u2019une d\u00e9cennie.&hellip; Poursuivre la lecture Accueil","_links":{"self":[{"href":"https:\/\/cirkau.art\/o\/wp-json\/wp\/v2\/pages\/2","targetHints":{"allow":["GET"]}}],"collection":[{"href":"https:\/\/cirkau.art\/o\/wp-json\/wp\/v2\/pages"}],"about":[{"href":"https:\/\/cirkau.art\/o\/wp-json\/wp\/v2\/types\/page"}],"author":[{"embeddable":true,"href":"https:\/\/cirkau.art\/o\/wp-json\/wp\/v2\/users\/2"}],"replies":[{"embeddable":true,"href":"https:\/\/cirkau.art\/o\/wp-json\/wp\/v2\/comments?post=2"}],"version-history":[{"count":22,"href":"https:\/\/cirkau.art\/o\/wp-json\/wp\/v2\/pages\/2\/revisions"}],"predecessor-version":[{"id":295,"href":"https:\/\/cirkau.art\/o\/wp-json\/wp\/v2\/pages\/2\/revisions\/295"}],"wp:attachment":[{"href":"https:\/\/cirkau.art\/o\/wp-json\/wp\/v2\/media?parent=2"}],"curies":[{"name":"wp","href":"https:\/\/api.w.org\/{rel}","templated":true}]}}